{"id":581,"date":"2022-09-23T10:43:47","date_gmt":"2022-09-23T10:43:47","guid":{"rendered":"https:\/\/sushi-kraainem.be\/produits\/"},"modified":"2022-10-11T17:24:44","modified_gmt":"2022-10-11T17:24:44","slug":"producten","status":"publish","type":"page","link":"https:\/\/sushi-kraainem.be\/nl\/producten\/","title":{"rendered":"Producten"},"content":{"rendered":"<p>[et_pb_section fb_built=&#8221;1&#8243; _builder_version=&#8221;4.17.6&#8243; _module_preset=&#8221;default&#8221; background_image=&#8221;https:\/\/sushi-kraainem.be\/wp-content\/uploads\/2022\/09\/header-so-sushi-kraainem.png&#8221; custom_padding=&#8221;100px||100px||false|false&#8221; global_colors_info=&#8221;{}&#8221;][et_pb_row _builder_version=&#8221;4.17.6&#8243; _module_preset=&#8221;default&#8221; global_colors_info=&#8221;{}&#8221;][et_pb_column type=&#8221;4_4&#8243; _builder_version=&#8221;4.17.6&#8243; _module_preset=&#8221;default&#8221; global_colors_info=&#8221;{}&#8221;][et_pb_text _builder_version=&#8221;4.17.6&#8243; _module_preset=&#8221;default&#8221; header_font=&#8221;Yeseva One||||||||&#8221; header_text_color=&#8221;#d9c07e&#8221; header_font_size=&#8221;56px&#8221; global_colors_info=&#8221;{}&#8221;]<\/p>\n<h1>Producten<\/h1>\n<p>[\/et_pb_text][\/et_pb_column][\/et_pb_row][\/et_pb_section][et_pb_section fb_built=&#8221;1&#8243; _builder_version=&#8221;4.17.6&#8243; _module_preset=&#8221;default&#8221; background_color=&#8221;#FFFFFF&#8221; background_image=&#8221;https:\/\/sushi-kraainem.be\/wp-content\/uploads\/2022\/09\/back-sushi-kraainem.png&#8221; global_colors_info=&#8221;{}&#8221;][et_pb_row _builder_version=&#8221;4.17.6&#8243; _module_preset=&#8221;default&#8221; global_colors_info=&#8221;{}&#8221;][et_pb_column type=&#8221;4_4&#8243; _builder_version=&#8221;4.17.6&#8243; _module_preset=&#8221;default&#8221; global_colors_info=&#8221;{}&#8221;][et_pb_text _builder_version=&#8221;4.18.0&#8243; _module_preset=&#8221;default&#8221; global_colors_info=&#8221;{}&#8221;]<\/p>\n<p style=\"text-align: center;\">Waarom vertellen we je niet meer over onze traditionele gerechten? Op deze pagina vindt u een beschrijving van onze bekendste en populairste gerechten. Op enkele minuten van Etterbeek en Tervuren heeft So Sushi Kraainem maar \u00e9\u00e9n ding voor ogen: u van sushi laten houden!<\/p>\n<p>[\/et_pb_text][\/et_pb_column][\/et_pb_row][\/et_pb_section][et_pb_section fb_built=&#8221;1&#8243; _builder_version=&#8221;4.17.6&#8243; _module_preset=&#8221;default&#8221; global_colors_info=&#8221;{}&#8221;][et_pb_row column_structure=&#8221;1_2,1_2&#8243; make_equal=&#8221;on&#8221; module_class=&#8221;middle reverse&#8221; _builder_version=&#8221;4.17.6&#8243; _module_preset=&#8221;default&#8221; global_colors_info=&#8221;{}&#8221;][et_pb_column type=&#8221;1_2&#8243; _builder_version=&#8221;4.17.6&#8243; _module_preset=&#8221;default&#8221; global_colors_info=&#8221;{}&#8221;][et_pb_text _builder_version=&#8221;4.18.0&#8243; _module_preset=&#8221;default&#8221; global_colors_info=&#8221;{}&#8221;]<\/p>\n<h3><strong><u>Maki Rolls<\/u><\/strong><\/h3>\n<p>Weet je wat maki is? Makis zijn rolvormige gerechten. Ze zijn gemaakt van azijnrijst en nori zeewier. De kern van deze broodjes bestaat uit verschillende ingredi\u00ebnten: avocado, komkommer, zalm, verse kaas, tonijn en garnalen.<\/p>\n<p>Het nori zeewierblad voegt een frisse noot toe aan de makis<\/p>\n<p>[\/et_pb_text][\/et_pb_column][et_pb_column type=&#8221;1_2&#8243; _builder_version=&#8221;4.17.6&#8243; _module_preset=&#8221;default&#8221; global_colors_info=&#8221;{}&#8221;][et_pb_image src=&#8221;https:\/\/sushi-kraainem.be\/wp-content\/uploads\/2022\/09\/maki1-so-sushi-kraainem.png&#8221; title_text=&#8221;maki1-so-sushi-kraainem&#8221; module_class=&#8221;class-margg&#8221; _builder_version=&#8221;4.17.6&#8243; _module_preset=&#8221;default&#8221; global_colors_info=&#8221;{}&#8221;][\/et_pb_image][\/et_pb_column][\/et_pb_row][\/et_pb_section][et_pb_section fb_built=&#8221;1&#8243; _builder_version=&#8221;4.17.6&#8243; _module_preset=&#8221;default&#8221; background_color=&#8221;#FFFFFF&#8221; background_image=&#8221;https:\/\/sushi-kraainem.be\/wp-content\/uploads\/2022\/09\/back-sushi-kraainem.png&#8221; global_colors_info=&#8221;{}&#8221;][et_pb_row column_structure=&#8221;1_2,1_2&#8243; make_equal=&#8221;on&#8221; module_class=&#8221;middle&#8221; _builder_version=&#8221;4.17.6&#8243; _module_preset=&#8221;default&#8221; global_colors_info=&#8221;{}&#8221;][et_pb_column type=&#8221;1_2&#8243; _builder_version=&#8221;4.17.6&#8243; _module_preset=&#8221;default&#8221; global_colors_info=&#8221;{}&#8221;][et_pb_image src=&#8221;https:\/\/sushi-kraainem.be\/wp-content\/uploads\/2022\/09\/spring-so1-sushi-kraainem.png&#8221; title_text=&#8221;spring-so1-sushi-kraainem&#8221; module_class=&#8221;class-margg&#8221; _builder_version=&#8221;4.18.0&#8243; _module_preset=&#8221;default&#8221; global_colors_info=&#8221;{}&#8221;][\/et_pb_image][\/et_pb_column][et_pb_column type=&#8221;1_2&#8243; _builder_version=&#8221;4.17.6&#8243; _module_preset=&#8221;default&#8221; global_colors_info=&#8221;{}&#8221;][et_pb_text _builder_version=&#8221;4.18.0&#8243; _module_preset=&#8221;default&#8221; global_colors_info=&#8221;{}&#8221;]<\/p>\n<h3><strong><u>Spring Rolls<\/u><\/strong><\/h3>\n<p style=\"text-align: justify;\">In de praktijk is er slechts \u00e9\u00e9n verschil tussen spring rolls en makis. Het noriblad in de laatste wordt vervangen door een slablad in spring rolls. Dit geeft uw gerecht een andere consistentie en dus een andere smaakbeleving. Behalve dit verschil bevatten spring roll&#8217;s ook ingredi\u00ebnten als tonijn, zalm, gepaneerde kip of tempura van garnalen en roomkaas.<\/p>\n<p>[\/et_pb_text][\/et_pb_column][\/et_pb_row][\/et_pb_section][et_pb_section fb_built=&#8221;1&#8243; _builder_version=&#8221;4.17.6&#8243; _module_preset=&#8221;default&#8221; global_colors_info=&#8221;{}&#8221;][et_pb_row column_structure=&#8221;1_2,1_2&#8243; make_equal=&#8221;on&#8221; module_class=&#8221;middle reverse&#8221; _builder_version=&#8221;4.17.6&#8243; _module_preset=&#8221;default&#8221; global_colors_info=&#8221;{}&#8221;][et_pb_column type=&#8221;1_2&#8243; _builder_version=&#8221;4.17.6&#8243; _module_preset=&#8221;default&#8221; global_colors_info=&#8221;{}&#8221;][et_pb_text _builder_version=&#8221;4.18.0&#8243; _module_preset=&#8221;default&#8221; global_colors_info=&#8221;{}&#8221;]<\/p>\n<h3><strong><u>California Rolls<\/u><\/strong><\/h3>\n<p style=\"text-align: justify;\">Als alternatief bieden California rolls meer romigheid. Hier zit de rijst aan de buitenkant en omlijst een vel zeewier en een keuze aan ingredi\u00ebnten (garnalen, kaas, zalm, tonijn of avocado).<\/p>\n<p style=\"text-align: justify;\">Bent u vegetari\u00ebr en wilt u genieten van onze heerlijke california rolls? Bij So Sushi Kraainem vindt u ook veggie alternatieven.<\/p>\n<p>[\/et_pb_text][\/et_pb_column][et_pb_column type=&#8221;1_2&#8243; _builder_version=&#8221;4.17.6&#8243; _module_preset=&#8221;default&#8221; global_colors_info=&#8221;{}&#8221;][et_pb_image src=&#8221;https:\/\/sushi-kraainem.be\/wp-content\/uploads\/2022\/09\/california-so-sushi-kraainem.png&#8221; title_text=&#8221;california-so-sushi-kraainem&#8221; module_class=&#8221;class-margg&#8221; _builder_version=&#8221;4.17.6&#8243; _module_preset=&#8221;default&#8221; global_colors_info=&#8221;{}&#8221;][\/et_pb_image][\/et_pb_column][\/et_pb_row][\/et_pb_section][et_pb_section fb_built=&#8221;1&#8243; _builder_version=&#8221;4.17.6&#8243; _module_preset=&#8221;default&#8221; background_color=&#8221;#FFFFFF&#8221; background_image=&#8221;https:\/\/sushi-kraainem.be\/wp-content\/uploads\/2022\/09\/back-sushi-kraainem.png&#8221; global_colors_info=&#8221;{}&#8221;][et_pb_row column_structure=&#8221;1_2,1_2&#8243; make_equal=&#8221;on&#8221; module_class=&#8221;middle&#8221; _builder_version=&#8221;4.17.6&#8243; _module_preset=&#8221;default&#8221; global_colors_info=&#8221;{}&#8221;][et_pb_column type=&#8221;1_2&#8243; _builder_version=&#8221;4.17.6&#8243; _module_preset=&#8221;default&#8221; global_colors_info=&#8221;{}&#8221;][et_pb_image src=&#8221;https:\/\/sushi-kraainem.be\/wp-content\/uploads\/2022\/09\/poke-sushi-kraainem.png&#8221; title_text=&#8221;poke-sushi-kraainem&#8221; module_class=&#8221;class-margg&#8221; _builder_version=&#8221;4.17.6&#8243; _module_preset=&#8221;default&#8221; global_colors_info=&#8221;{}&#8221;][\/et_pb_image][\/et_pb_column][et_pb_column type=&#8221;1_2&#8243; _builder_version=&#8221;4.17.6&#8243; _module_preset=&#8221;default&#8221; global_colors_info=&#8221;{}&#8221;][et_pb_text _builder_version=&#8221;4.18.0&#8243; _module_preset=&#8221;default&#8221; global_colors_info=&#8221;{}&#8221;]<\/p>\n<h3><strong><u>Poke Bowls<\/u><\/strong><\/h3>\n<p>De poke bowl is het gerecht dat u moet kiezen als u een Japanse maaltijd wilt eten zonder voor sushi te gaan. Poke bowls zijn rijstkommen met verschillende samenstellingen: pittige tonijn, teriyaki kip, cheesy zalm of garnalen.<\/p>\n<p>Dit gerecht staat bekend om zijn gezonde en verzadigende eigenschappen. Met onze rijst-, vlees- en rauwkostschalen zult u zich verkwikt voelen.<\/p>\n<p>[\/et_pb_text][\/et_pb_column][\/et_pb_row][\/et_pb_section][et_pb_section fb_built=&#8221;1&#8243; _builder_version=&#8221;4.17.6&#8243; _module_preset=&#8221;default&#8221; global_colors_info=&#8221;{}&#8221;][et_pb_row column_structure=&#8221;1_2,1_2&#8243; make_equal=&#8221;on&#8221; module_class=&#8221;middle reverse&#8221; _builder_version=&#8221;4.17.6&#8243; _module_preset=&#8221;default&#8221; global_colors_info=&#8221;{}&#8221;][et_pb_column type=&#8221;1_2&#8243; _builder_version=&#8221;4.17.6&#8243; _module_preset=&#8221;default&#8221; global_colors_info=&#8221;{}&#8221;][et_pb_text _builder_version=&#8221;4.18.0&#8243; _module_preset=&#8221;default&#8221; global_colors_info=&#8221;{}&#8221;]<\/p>\n<h3><strong><u>Chirashi<\/u><\/strong><\/h3>\n<p>Chirashi maakt zeker deel uit van de Japanse traditie. Als we de samenstelling ervan uitwerken, zult u begrijpen dat het sushi is waarvan de ingredi\u00ebnten in een kom zijn verspreid. Inderdaad, chirashi wordt gemaakt van azijnrijst, sesam, avocado, komkommer en rauwe vis.<\/p>\n<p>Een eenvoudige maaltijd die zeer gewaardeerd wordt door de Japanners.<\/p>\n<p>[\/et_pb_text][\/et_pb_column][et_pb_column type=&#8221;1_2&#8243; _builder_version=&#8221;4.17.6&#8243; _module_preset=&#8221;default&#8221; global_colors_info=&#8221;{}&#8221;][et_pb_image src=&#8221;https:\/\/sushi-kraainem.be\/wp-content\/uploads\/2022\/09\/chirashi-so-sushi-kraainem.png&#8221; title_text=&#8221;chirashi-so-sushi-kraainem&#8221; module_class=&#8221;class-margg&#8221; _builder_version=&#8221;4.17.6&#8243; _module_preset=&#8221;default&#8221; global_colors_info=&#8221;{}&#8221;][\/et_pb_image][\/et_pb_column][\/et_pb_row][\/et_pb_section][et_pb_section fb_built=&#8221;1&#8243; _builder_version=&#8221;4.17.6&#8243; _module_preset=&#8221;default&#8221; background_color=&#8221;#FFFFFF&#8221; background_image=&#8221;https:\/\/sushi-kraainem.be\/wp-content\/uploads\/2022\/09\/back-sushi-kraainem.png&#8221; global_colors_info=&#8221;{}&#8221;][et_pb_row column_structure=&#8221;1_2,1_2&#8243; make_equal=&#8221;on&#8221; module_class=&#8221;middle&#8221; _builder_version=&#8221;4.17.6&#8243; _module_preset=&#8221;default&#8221; global_colors_info=&#8221;{}&#8221;][et_pb_column type=&#8221;1_2&#8243; _builder_version=&#8221;4.17.6&#8243; _module_preset=&#8221;default&#8221; global_colors_info=&#8221;{}&#8221;][et_pb_image src=&#8221;https:\/\/sushi-kraainem.be\/wp-content\/uploads\/2022\/09\/special-sushi-kraainem.png&#8221; title_text=&#8221;special-sushi-kraainem&#8221; module_class=&#8221;class-margg&#8221; _builder_version=&#8221;4.18.0&#8243; _module_preset=&#8221;default&#8221; global_colors_info=&#8221;{}&#8221;][\/et_pb_image][\/et_pb_column][et_pb_column type=&#8221;1_2&#8243; _builder_version=&#8221;4.17.6&#8243; _module_preset=&#8221;default&#8221; global_colors_info=&#8221;{}&#8221;][et_pb_text _builder_version=&#8221;4.18.0&#8243; _module_preset=&#8221;default&#8221; global_colors_info=&#8221;{}&#8221;]<\/p>\n<h3><strong><u>Special Rolls <\/u><\/strong><\/h3>\n<p>Onze chefs koken graag typische gerechten, maar willen ook een selectie originelere sushi op het menu zetten. Zo kunnen zij de geneugten vari\u00ebren en u verwennen met unieke recepten. Dankzij hun Japanse knowhow kunnen ze heerlijke gerechten cre\u00ebren met ingredi\u00ebnten als spicy mayo, honing of perzik.<\/p>\n<p>Wil je andere smaken proberen? Dit is zeker de categorie voor jou.<\/p>\n<p>[\/et_pb_text][\/et_pb_column][\/et_pb_row][\/et_pb_section][et_pb_section fb_built=&#8221;1&#8243; _builder_version=&#8221;4.17.6&#8243; _module_preset=&#8221;default&#8221; global_colors_info=&#8221;{}&#8221;][et_pb_row column_structure=&#8221;1_2,1_2&#8243; make_equal=&#8221;on&#8221; module_class=&#8221;middle reverse&#8221; _builder_version=&#8221;4.17.6&#8243; _module_preset=&#8221;default&#8221; global_colors_info=&#8221;{}&#8221;][et_pb_column type=&#8221;1_2&#8243; _builder_version=&#8221;4.17.6&#8243; _module_preset=&#8221;default&#8221; global_colors_info=&#8221;{}&#8221;][et_pb_text _builder_version=&#8221;4.18.0&#8243; _module_preset=&#8221;default&#8221; global_colors_info=&#8221;{}&#8221;]<\/p>\n<h3><strong><u>Nigiris<\/u><\/strong><\/h3>\n<p>Rauwe vis in stukjes en rijst zijn de twee ingredi\u00ebnten waaruit nigiri bestaat. Onze chefs bieden verschillende soorten: garnalen, zalm, tofu of paling.<\/p>\n<p>U moet ook weten dat we bij So Sushi Kraainem veel zorg besteden aan onze producten. Ze zijn onderworpen aan onberispelijke hygi\u00ebnische omstandigheden.<\/p>\n<p>[\/et_pb_text][\/et_pb_column][et_pb_column type=&#8221;1_2&#8243; _builder_version=&#8221;4.17.6&#8243; _module_preset=&#8221;default&#8221; global_colors_info=&#8221;{}&#8221;][et_pb_image src=&#8221;https:\/\/sushi-kraainem.be\/wp-content\/uploads\/2022\/09\/nigiris-thon-kraainem.png&#8221; title_text=&#8221;nigiris-thon-kraainem&#8221; module_class=&#8221;class-margg&#8221; _builder_version=&#8221;4.17.6&#8243; _module_preset=&#8221;default&#8221; global_colors_info=&#8221;{}&#8221;][\/et_pb_image][\/et_pb_column][\/et_pb_row][\/et_pb_section][et_pb_section fb_built=&#8221;1&#8243; _builder_version=&#8221;4.17.6&#8243; _module_preset=&#8221;default&#8221; background_color=&#8221;#FFFFFF&#8221; background_image=&#8221;https:\/\/sushi-kraainem.be\/wp-content\/uploads\/2022\/09\/back-sushi-kraainem.png&#8221; global_colors_info=&#8221;{}&#8221;][et_pb_row column_structure=&#8221;1_2,1_2&#8243; make_equal=&#8221;on&#8221; module_class=&#8221;middle&#8221; _builder_version=&#8221;4.17.6&#8243; _module_preset=&#8221;default&#8221; global_colors_info=&#8221;{}&#8221;][et_pb_column type=&#8221;1_2&#8243; _builder_version=&#8221;4.17.6&#8243; _module_preset=&#8221;default&#8221; global_colors_info=&#8221;{}&#8221;][et_pb_image src=&#8221;https:\/\/sushi-kraainem.be\/wp-content\/uploads\/2022\/09\/plateaux1-so-sushi-kraainem.png&#8221; title_text=&#8221;plateaux1-so-sushi-kraainem&#8221; module_class=&#8221;class-margg&#8221; _builder_version=&#8221;4.17.6&#8243; _module_preset=&#8221;default&#8221; global_colors_info=&#8221;{}&#8221;][\/et_pb_image][\/et_pb_column][et_pb_column type=&#8221;1_2&#8243; _builder_version=&#8221;4.17.6&#8243; _module_preset=&#8221;default&#8221; global_colors_info=&#8221;{}&#8221;][et_pb_text _builder_version=&#8221;4.18.0&#8243; _module_preset=&#8221;default&#8221; global_colors_info=&#8221;{}&#8221;]<\/p>\n<h3><strong><u>Sushi Schotels<\/u><\/strong><\/h3>\n<p>Het is zeker de beste oplossing om uw vrienden en familie te vermaken. Onze schalen zijn zo samengesteld dat u alles kunt proberen. Wij plaatsen tussen 8 en 100 stuks per schotel, afhankelijk van uw wensen, uw eetlust en uw aantal.<\/p>\n<p>Onze chefs selecteren alleen een verscheidenheid aan sushi van minimaal 30 stuks per schotel.<\/p>\n<p>[\/et_pb_text][\/et_pb_column][\/et_pb_row][\/et_pb_section]<\/p>\n","protected":false},"excerpt":{"rendered":"<p>ProductenWaarom vertellen we je niet meer over onze traditionele gerechten? Op deze pagina vindt u een beschrijving van onze bekendste en populairste gerechten. Op enkele minuten van Etterbeek en Tervuren heeft So Sushi Kraainem maar \u00e9\u00e9n ding voor ogen: u van sushi laten houden!Maki Rolls Weet je wat maki is? Makis zijn rolvormige gerechten. Ze [&hellip;]<\/p>\n","protected":false},"author":1,"featured_media":0,"parent":0,"menu_order":0,"comment_status":"closed","ping_status":"closed","template":"","meta":{"_et_pb_use_builder":"on","_et_pb_old_content":"<!-- wp:divi\/placeholder \/-->","_et_gb_content_width":"","footnotes":""},"class_list":["post-581","page","type-page","status-publish","hentry"],"yoast_head":"<!-- This site is optimized with the Yoast SEO plugin v27.5 - https:\/\/yoast.com\/product\/yoast-seo-wordpress\/ -->\n<title>So Sushi Kraainem - Onze producten<\/title>\n<meta name=\"description\" content=\"So Sushi Kraainem - onze bekendste en populairste delicatessen. Op enkele minuten van Etterbeek en Tervuren.\" \/>\n<meta name=\"robots\" content=\"index, follow, max-snippet:-1, max-image-preview:large, max-video-preview:-1\" \/>\n<link rel=\"canonical\" href=\"https:\/\/sushi-kraainem.be\/nl\/producten\/\" \/>\n<meta property=\"og:locale\" content=\"nl_NL\" \/>\n<meta property=\"og:type\" content=\"article\" \/>\n<meta property=\"og:title\" content=\"So Sushi Kraainem - Onze producten\" \/>\n<meta property=\"og:description\" content=\"So Sushi Kraainem - onze bekendste en populairste delicatessen. Op enkele minuten van Etterbeek en Tervuren.\" \/>\n<meta property=\"og:url\" content=\"https:\/\/sushi-kraainem.be\/nl\/producten\/\" \/>\n<meta property=\"og:site_name\" content=\"SO SUSHI KRAAINEM\" \/>\n<meta property=\"article:modified_time\" content=\"2022-10-11T17:24:44+00:00\" \/>\n<meta name=\"twitter:card\" content=\"summary_large_image\" \/>\n<meta name=\"twitter:label1\" content=\"Geschatte leestijd\" \/>\n\t<meta name=\"twitter:data1\" content=\"4 minuten\" \/>\n<script type=\"application\/ld+json\" class=\"yoast-schema-graph\">{\"@context\":\"https:\\\/\\\/schema.org\",\"@graph\":[{\"@type\":\"WebPage\",\"@id\":\"https:\\\/\\\/sushi-kraainem.be\\\/nl\\\/producten\\\/\",\"url\":\"https:\\\/\\\/sushi-kraainem.be\\\/nl\\\/producten\\\/\",\"name\":\"So Sushi Kraainem - Onze producten\",\"isPartOf\":{\"@id\":\"https:\\\/\\\/sushi-kraainem.be\\\/nl\\\/#website\"},\"datePublished\":\"2022-09-23T10:43:47+00:00\",\"dateModified\":\"2022-10-11T17:24:44+00:00\",\"description\":\"So Sushi Kraainem - onze bekendste en populairste delicatessen. Op enkele minuten van Etterbeek en Tervuren.\",\"breadcrumb\":{\"@id\":\"https:\\\/\\\/sushi-kraainem.be\\\/nl\\\/producten\\\/#breadcrumb\"},\"inLanguage\":\"nl-NL\",\"potentialAction\":[{\"@type\":\"ReadAction\",\"target\":[\"https:\\\/\\\/sushi-kraainem.be\\\/nl\\\/producten\\\/\"]}]},{\"@type\":\"BreadcrumbList\",\"@id\":\"https:\\\/\\\/sushi-kraainem.be\\\/nl\\\/producten\\\/#breadcrumb\",\"itemListElement\":[{\"@type\":\"ListItem\",\"position\":1,\"name\":\"Accueil\",\"item\":\"https:\\\/\\\/sushi-kraainem.be\\\/nl\\\/\"},{\"@type\":\"ListItem\",\"position\":2,\"name\":\"Producten\"}]},{\"@type\":\"WebSite\",\"@id\":\"https:\\\/\\\/sushi-kraainem.be\\\/nl\\\/#website\",\"url\":\"https:\\\/\\\/sushi-kraainem.be\\\/nl\\\/\",\"name\":\"SO SUSHI KRAAINEM\",\"description\":\"\",\"publisher\":{\"@id\":\"https:\\\/\\\/sushi-kraainem.be\\\/nl\\\/#organization\"},\"potentialAction\":[{\"@type\":\"SearchAction\",\"target\":{\"@type\":\"EntryPoint\",\"urlTemplate\":\"https:\\\/\\\/sushi-kraainem.be\\\/nl\\\/?s={search_term_string}\"},\"query-input\":{\"@type\":\"PropertyValueSpecification\",\"valueRequired\":true,\"valueName\":\"search_term_string\"}}],\"inLanguage\":\"nl-NL\"},{\"@type\":\"Organization\",\"@id\":\"https:\\\/\\\/sushi-kraainem.be\\\/nl\\\/#organization\",\"name\":\"So Sushi Kraainem\",\"url\":\"https:\\\/\\\/sushi-kraainem.be\\\/nl\\\/\",\"logo\":{\"@type\":\"ImageObject\",\"inLanguage\":\"nl-NL\",\"@id\":\"https:\\\/\\\/sushi-kraainem.be\\\/nl\\\/#\\\/schema\\\/logo\\\/image\\\/\",\"url\":\"https:\\\/\\\/sushi-kraainem.be\\\/wp-content\\\/uploads\\\/2022\\\/09\\\/LOGO-SUSHI-KRAAINEM-1-1.png\",\"contentUrl\":\"https:\\\/\\\/sushi-kraainem.be\\\/wp-content\\\/uploads\\\/2022\\\/09\\\/LOGO-SUSHI-KRAAINEM-1-1.png\",\"width\":1182,\"height\":1182,\"caption\":\"So Sushi Kraainem\"},\"image\":{\"@id\":\"https:\\\/\\\/sushi-kraainem.be\\\/nl\\\/#\\\/schema\\\/logo\\\/image\\\/\"}}]}<\/script>\n<!-- \/ Yoast SEO plugin. -->","yoast_head_json":{"title":"So Sushi Kraainem - Onze producten","description":"So Sushi Kraainem - onze bekendste en populairste delicatessen. Op enkele minuten van Etterbeek en Tervuren.","robots":{"index":"index","follow":"follow","max-snippet":"max-snippet:-1","max-image-preview":"max-image-preview:large","max-video-preview":"max-video-preview:-1"},"canonical":"https:\/\/sushi-kraainem.be\/nl\/producten\/","og_locale":"nl_NL","og_type":"article","og_title":"So Sushi Kraainem - Onze producten","og_description":"So Sushi Kraainem - onze bekendste en populairste delicatessen. Op enkele minuten van Etterbeek en Tervuren.","og_url":"https:\/\/sushi-kraainem.be\/nl\/producten\/","og_site_name":"SO SUSHI KRAAINEM","article_modified_time":"2022-10-11T17:24:44+00:00","twitter_card":"summary_large_image","twitter_misc":{"Geschatte leestijd":"4 minuten"},"schema":{"@context":"https:\/\/schema.org","@graph":[{"@type":"WebPage","@id":"https:\/\/sushi-kraainem.be\/nl\/producten\/","url":"https:\/\/sushi-kraainem.be\/nl\/producten\/","name":"So Sushi Kraainem - Onze producten","isPartOf":{"@id":"https:\/\/sushi-kraainem.be\/nl\/#website"},"datePublished":"2022-09-23T10:43:47+00:00","dateModified":"2022-10-11T17:24:44+00:00","description":"So Sushi Kraainem - onze bekendste en populairste delicatessen. Op enkele minuten van Etterbeek en Tervuren.","breadcrumb":{"@id":"https:\/\/sushi-kraainem.be\/nl\/producten\/#breadcrumb"},"inLanguage":"nl-NL","potentialAction":[{"@type":"ReadAction","target":["https:\/\/sushi-kraainem.be\/nl\/producten\/"]}]},{"@type":"BreadcrumbList","@id":"https:\/\/sushi-kraainem.be\/nl\/producten\/#breadcrumb","itemListElement":[{"@type":"ListItem","position":1,"name":"Accueil","item":"https:\/\/sushi-kraainem.be\/nl\/"},{"@type":"ListItem","position":2,"name":"Producten"}]},{"@type":"WebSite","@id":"https:\/\/sushi-kraainem.be\/nl\/#website","url":"https:\/\/sushi-kraainem.be\/nl\/","name":"SO SUSHI KRAAINEM","description":"","publisher":{"@id":"https:\/\/sushi-kraainem.be\/nl\/#organization"},"potentialAction":[{"@type":"SearchAction","target":{"@type":"EntryPoint","urlTemplate":"https:\/\/sushi-kraainem.be\/nl\/?s={search_term_string}"},"query-input":{"@type":"PropertyValueSpecification","valueRequired":true,"valueName":"search_term_string"}}],"inLanguage":"nl-NL"},{"@type":"Organization","@id":"https:\/\/sushi-kraainem.be\/nl\/#organization","name":"So Sushi Kraainem","url":"https:\/\/sushi-kraainem.be\/nl\/","logo":{"@type":"ImageObject","inLanguage":"nl-NL","@id":"https:\/\/sushi-kraainem.be\/nl\/#\/schema\/logo\/image\/","url":"https:\/\/sushi-kraainem.be\/wp-content\/uploads\/2022\/09\/LOGO-SUSHI-KRAAINEM-1-1.png","contentUrl":"https:\/\/sushi-kraainem.be\/wp-content\/uploads\/2022\/09\/LOGO-SUSHI-KRAAINEM-1-1.png","width":1182,"height":1182,"caption":"So Sushi Kraainem"},"image":{"@id":"https:\/\/sushi-kraainem.be\/nl\/#\/schema\/logo\/image\/"}}]}},"_links":{"self":[{"href":"https:\/\/sushi-kraainem.be\/nl\/wp-json\/wp\/v2\/pages\/581","targetHints":{"allow":["GET"]}}],"collection":[{"href":"https:\/\/sushi-kraainem.be\/nl\/wp-json\/wp\/v2\/pages"}],"about":[{"href":"https:\/\/sushi-kraainem.be\/nl\/wp-json\/wp\/v2\/types\/page"}],"author":[{"embeddable":true,"href":"https:\/\/sushi-kraainem.be\/nl\/wp-json\/wp\/v2\/users\/1"}],"replies":[{"embeddable":true,"href":"https:\/\/sushi-kraainem.be\/nl\/wp-json\/wp\/v2\/comments?post=581"}],"version-history":[{"count":11,"href":"https:\/\/sushi-kraainem.be\/nl\/wp-json\/wp\/v2\/pages\/581\/revisions"}],"predecessor-version":[{"id":701,"href":"https:\/\/sushi-kraainem.be\/nl\/wp-json\/wp\/v2\/pages\/581\/revisions\/701"}],"wp:attachment":[{"href":"https:\/\/sushi-kraainem.be\/nl\/wp-json\/wp\/v2\/media?parent=581"}],"curies":[{"name":"wp","href":"https:\/\/api.w.org\/{rel}","templated":true}]}}